{"id":35,"date":"2015-11-27T01:07:50","date_gmt":"2015-11-27T01:07:50","guid":{"rendered":"http:\/\/www.torosalatica.cr\/?page_id=35"},"modified":"2024-10-04T22:48:33","modified_gmt":"2024-10-04T22:48:33","slug":"ayuda","status":"publish","type":"page","link":"https:\/\/www.torosalatica.cr\/site\/ayuda\/","title":{"rendered":"Ayuda"},"content":{"rendered":"<p>[vc_row][vc_column][vc_column_text]<strong>Preguntas Frecuentes.<\/strong><\/p>\n<p>Ante cualquier duda o consulta puede comunicarse al 2226-4000 o <a href=\"http:\/\/wa.me\/50622264000\">whatsapp<\/a>, en horario de Lunes a Viernes de 10:00 a.m a 4:00 p.m.<\/p>\n<p><strong>1. \u00bfComo Comprar?<\/strong><br \/>\nLea detenidamente nuestros T\u00e9rminos y Condiciones.<\/p>\n<p>a) Compre su(s) entrada(s) a trav\u00e9s de nuestro sitio torosalatica.cr, utilizando su tarjeta de cr\u00e9dito o d\u00e9bito. (Visa, Mastercard).<\/p>\n<p>b) Compre su(s) entrada(s) en la boleter\u00eda del evento. <strong>(Del 25\/12 al 07\/01)<\/strong><\/p>\n<p><strong>IMPORTANTE:<\/strong><\/p>\n<p>\u2022 Verifique que su computadora o m\u00f3vil tenga habilitados los Cookies y JavaScript para realizar el proceso de compra sin problemas.<br \/>\n\u2022 No olvide el c\u00f3digo y la c\u00e9dula f\u00edsica para el retiro de la entrada(s): esto es lo que identificar\u00e1 la compra realizada en el momento que usted hace el retiro, se solicitara la tarjeta en caso de que la transacci\u00f3n presente alg\u00fan error de registro. Esto es un tr\u00e1mite personal sin excepci\u00f3n.<\/p>\n<p><b>2. \u00bfD\u00f3nde Retiro?<\/b><br \/>\nLea detenidamente nuestros <a href=\"https:\/\/www.torosalatica.cr\/site\/terminos-y-condiciones\/\">T\u00e9rminos y Condiciones<\/a>.<\/p>\n<p>Retire sus entradas en la boleter\u00eda <strong>el mismo d\u00eda del evento<\/strong> para el que realiz\u00f3 la compra. No se entregan entradas de d\u00edas siguientes.<\/p>\n<p>Puede retirar sus entradas en los horarios que se estar\u00e1n publicando en las redes sociales del evento y hasta 1 hora despu\u00e9s de iniciado el evento adquirido. Los boletos que no sean recogidos en este lapso ser\u00e1n cancelados sin responsabilidad alguna para torosalatica.cr<\/p>\n<p>El retiro de la entrada(s) es un tr\u00e1mite personal y debe presentar el c\u00f3digo de la compra, as\u00ed como tambi\u00e9n la c\u00e9dula f\u00edsica y tarjeta con que se realiz\u00f3, \u00fanicamente se har\u00e1 entrega de las entradas a la persona registrada durante la compra, esto sin excepci\u00f3n.<\/p>\n<p><strong>3. \u00bfPor qu\u00e9 el retiro es personal?<\/strong><br \/>\nCon el fin de brindar mayor seguridad durante el proceso de compra y retiro, se solicitar\u00e1 la c\u00e9dula f\u00edsica con el fin de verificar que quien est\u00e1 retirando es el comprador registrado de los boletos. Se recomienda que los datos registrados sean de alguna de las personas que asistir\u00e1 al evento y as\u00ed evitar contratiempos.<\/p>\n<p><strong>4. \u00bfPor qu\u00e9 presentar la tarjeta ?<\/strong><br \/>\nEn caso de que se haya presentado alg\u00fan error durante la compra o que la confirmaci\u00f3n no se haya realizado, se solicitar\u00e1 la tarjeta con que se realiz\u00f3 la compra para realizar la confirmaci\u00f3n mediante el m\u00f3dulo bancario. Si la tarjeta fuera extraviada deber\u00e1 solicitar al banco una carta que indique el n\u00famero completo de la tarjeta, as\u00ed como el nombre del titular, debidamente sellada, firmada y membretada, dicha carta ser\u00e1 retenida como comprobante.<\/p>\n<p><strong>5. \u00bfPor qu\u00e9 debe firmar un comprobante para el retiro de las entradas?<\/strong><br \/>\nLa firma del comprobante puede variar seg\u00fan el evento seg\u00fan las disposiciones bancarias o pol\u00edticas del evento. Esto no implica ning\u00fan recargo extra debido a que la compra ya fue debitada.<\/p>\n<p><strong>6. \u00bfQu\u00e9 es el cargo por servicio?<\/strong><br \/>\nEl cargo por servicio es un costo adicional al precio de la entrada, el cual es incluido con el fin de ofrecer distintos m\u00e9todos que faciliten a los usuarios la compra de las entradas de manera eficiente y segura.<\/p>\n<p><strong>7. \u00bfL\u00edmite de entradas por persona?<\/strong><br \/>\nEl n\u00famero m\u00e1ximo de boletos ser\u00e1 de 20 por persona, para cada evento. Esto con el fin de evitar la compra masiva de entradas y disminuir la compra de entradas por revendedores.<\/p>\n<p><strong>8. \u00bfC\u00f3mo saber si la compra se realiz\u00f3?<\/strong><br \/>\nAl momento de que la transacci\u00f3n de cobro es confirmada por el banco debe presionar el bot\u00f3n de regresar al comercio, el sistema generar\u00e1 una confirmaci\u00f3n de compra la cual le ser\u00e1 mostrada en pantalla y enviada al correo electr\u00f3nico indicado junto con los datos de la transacci\u00f3n. Tambi\u00e9n puede verificar las compras en el <a href=\"https:\/\/www.torosalatica.cr\/tickets\/Client\/profile\">perfil de usuario<\/a> y consultar la informaci\u00f3n de las mismas.<\/p>\n<p><strong>9. \u00bfSeguridad de la transacci\u00f3n?<\/strong><br \/>\nEl sitio web torosalatica.cr cuenta con los certificados de seguridad SSL necesarios para sus transacciones, tambi\u00e9n tiene el apoyo de una entidad bancaria la cual aporta un m\u00f3dulo para realizar la transacci\u00f3n de cobro y confirmaci\u00f3n, en la cual el cliente digita la informaci\u00f3n de la tarjeta, con esto se garantiza que solo el banco utiliza esta informaci\u00f3n. Dicho m\u00f3dulo cuenta tambi\u00e9n con los certificados en programas 3D Secure: Verified by Visa y MasterCard SecureCode.[\/vc_column_text][\/vc_column][\/vc_row]<\/p>\n","protected":false},"excerpt":{"rendered":"<p>[vc_row][vc_column][vc_column_text]Preguntas Frecuentes. Ante cualquier duda o consulta puede comunicarse al 2226-4000 o whatsapp, en horario de Lunes a Viernes de 10:00 a.m a 4:00 p.m. 1. \u00bfComo Comprar? Lea detenidamente nuestros T\u00e9rminos y Condiciones. a) Compre su(s) entrada(s) a trav\u00e9s de nuestro sitio torosalatica.cr, utilizando su tarjeta de cr\u00e9dito o d\u00e9bito. (Visa, Mastercard). b) Compre [&hellip;]<\/p>\n","protected":false},"author":1,"featured_media":0,"parent":0,"menu_order":0,"comment_status":"closed","ping_status":"closed","template":"","meta":{"footnotes":""},"yoast_head":"<!-- This site is optimized with the Yoast SEO Premium plugin v15.9 - https:\/\/yoast.com\/wordpress\/plugins\/seo\/ -->\n<title>Ayuda - Toros a la Tica en L\u00ednea<\/title>\n<meta name=\"robots\" content=\"index, follow, max-snippet:-1, max-image-preview:large, max-video-preview:-1\" \/>\n<link rel=\"canonical\" href=\"https:\/\/www.torosalatica.cr\/site\/ayuda\/\" \/>\n<meta property=\"og:locale\" content=\"es_ES\" \/>\n<meta property=\"og:type\" content=\"article\" \/>\n<meta property=\"og:title\" content=\"Ayuda - Toros a la Tica en L\u00ednea\" \/>\n<meta property=\"og:description\" content=\"[vc_row][vc_column][vc_column_text]Preguntas Frecuentes. Ante cualquier duda o consulta puede comunicarse al 2226-4000 o whatsapp, en horario de Lunes a Viernes de 10:00 a.m a 4:00 p.m. 1. \u00bfComo Comprar? Lea detenidamente nuestros T\u00e9rminos y Condiciones. a) Compre su(s) entrada(s) a trav\u00e9s de nuestro sitio torosalatica.cr, utilizando su tarjeta de cr\u00e9dito o d\u00e9bito. (Visa, Mastercard). b) Compre [&hellip;]\" \/>\n<meta property=\"og:url\" content=\"https:\/\/www.torosalatica.cr\/site\/ayuda\/\" \/>\n<meta property=\"og:site_name\" content=\"Toros a la Tica en L\u00ednea\" \/>\n<meta property=\"article:modified_time\" content=\"2024-10-04T22:48:33+00:00\" \/>\n<meta name=\"twitter:card\" content=\"summary_large_image\" \/>\n<meta name=\"twitter:label1\" content=\"Est. reading time\">\n\t<meta name=\"twitter:data1\" content=\"4 minutos\">\n<script type=\"application\/ld+json\" class=\"yoast-schema-graph\">{\"@context\":\"https:\/\/schema.org\",\"@graph\":[{\"@type\":\"Organization\",\"@id\":\"https:\/\/www.torosalatica.cr\/site\/#organization\",\"name\":\"Toros a la Tica\",\"url\":\"https:\/\/www.torosalatica.cr\/site\/\",\"sameAs\":[],\"logo\":{\"@type\":\"ImageObject\",\"@id\":\"https:\/\/www.torosalatica.cr\/site\/#logo\",\"inLanguage\":\"es\",\"url\":\"https:\/\/www.torosalatica.cr\/site\/wp-content\/uploads\/2022\/10\/toros-logo.png\",\"width\":250,\"height\":60,\"caption\":\"Toros a la Tica\"},\"image\":{\"@id\":\"https:\/\/www.torosalatica.cr\/site\/#logo\"}},{\"@type\":\"WebSite\",\"@id\":\"https:\/\/www.torosalatica.cr\/site\/#website\",\"url\":\"https:\/\/www.torosalatica.cr\/site\/\",\"name\":\"Toros a la Tica en L\\u00ednea\",\"description\":\"\",\"publisher\":{\"@id\":\"https:\/\/www.torosalatica.cr\/site\/#organization\"},\"potentialAction\":[{\"@type\":\"SearchAction\",\"target\":\"https:\/\/www.torosalatica.cr\/site\/?s={search_term_string}\",\"query-input\":\"required name=search_term_string\"}],\"inLanguage\":\"es\"},{\"@type\":\"WebPage\",\"@id\":\"https:\/\/www.torosalatica.cr\/site\/ayuda\/#webpage\",\"url\":\"https:\/\/www.torosalatica.cr\/site\/ayuda\/\",\"name\":\"Ayuda - Toros a la Tica en L\\u00ednea\",\"isPartOf\":{\"@id\":\"https:\/\/www.torosalatica.cr\/site\/#website\"},\"datePublished\":\"2015-11-27T01:07:50+00:00\",\"dateModified\":\"2024-10-04T22:48:33+00:00\",\"breadcrumb\":{\"@id\":\"https:\/\/www.torosalatica.cr\/site\/ayuda\/#breadcrumb\"},\"inLanguage\":\"es\",\"potentialAction\":[{\"@type\":\"ReadAction\",\"target\":[\"https:\/\/www.torosalatica.cr\/site\/ayuda\/\"]}]},{\"@type\":\"BreadcrumbList\",\"@id\":\"https:\/\/www.torosalatica.cr\/site\/ayuda\/#breadcrumb\",\"itemListElement\":[{\"@type\":\"ListItem\",\"position\":1,\"item\":{\"@type\":\"WebPage\",\"@id\":\"https:\/\/www.torosalatica.cr\/site\/\",\"url\":\"https:\/\/www.torosalatica.cr\/site\/\",\"name\":\"Home\"}},{\"@type\":\"ListItem\",\"position\":2,\"item\":{\"@type\":\"WebPage\",\"@id\":\"https:\/\/www.torosalatica.cr\/site\/ayuda\/\",\"url\":\"https:\/\/www.torosalatica.cr\/site\/ayuda\/\",\"name\":\"Ayuda\"}}]}]}<\/script>\n<!-- \/ Yoast SEO Premium plugin. -->","_links":{"self":[{"href":"https:\/\/www.torosalatica.cr\/site\/wp-json\/wp\/v2\/pages\/35"}],"collection":[{"href":"https:\/\/www.torosalatica.cr\/site\/wp-json\/wp\/v2\/pages"}],"about":[{"href":"https:\/\/www.torosalatica.cr\/site\/wp-json\/wp\/v2\/types\/page"}],"author":[{"embeddable":true,"href":"https:\/\/www.torosalatica.cr\/site\/wp-json\/wp\/v2\/users\/1"}],"replies":[{"embeddable":true,"href":"https:\/\/www.torosalatica.cr\/site\/wp-json\/wp\/v2\/comments?post=35"}],"version-history":[{"count":32,"href":"https:\/\/www.torosalatica.cr\/site\/wp-json\/wp\/v2\/pages\/35\/revisions"}],"predecessor-version":[{"id":678,"href":"https:\/\/www.torosalatica.cr\/site\/wp-json\/wp\/v2\/pages\/35\/revisions\/678"}],"wp:attachment":[{"href":"https:\/\/www.torosalatica.cr\/site\/wp-json\/wp\/v2\/media?parent=35"}],"curies":[{"name":"wp","href":"https:\/\/api.w.org\/{rel}","templated":true}]}}