{"id":24,"date":"2015-11-20T04:31:58","date_gmt":"2015-11-20T04:31:58","guid":{"rendered":"http:\/\/www.torosalatica.cr\/?page_id=24"},"modified":"2024-10-04T22:43:51","modified_gmt":"2024-10-04T22:43:51","slug":"terminos-y-condiciones","status":"publish","type":"page","link":"https:\/\/www.torosalatica.cr\/site\/terminos-y-condiciones\/","title":{"rendered":"T\u00e9rminos y condiciones"},"content":{"rendered":"<p>[vc_row][vc_column][vc_column_text]<\/p>\n<p style=\"text-align: justify;\">1. La aceptaci\u00f3n de estos t\u00e9rminos y condiciones constituye un Contrato de Compraventa entre Viso Security S.A. en adelante torosalatica.cr y la persona que realiza la compra de las entradas, en adelante el cliente.<\/p>\n<p style=\"text-align: justify;\">2. <strong>Pick-Up:<\/strong> se le llama a la entrega de entradas en los puntos autorizados o en la boleter\u00eda del evento.<\/p>\n<p style=\"text-align: justify;\">3. <strong>Confirmaci\u00f3n:<\/strong> la confirmaci\u00f3n de la transacci\u00f3n de compra est\u00e1 sujeta a la autorizaci\u00f3n\u00a0 y verificaci\u00f3n de la tarjeta de cr\u00e9dito o d\u00e9bito por parte del banco emisor de su tarjeta, en lo cual torosalatica.cr no tiene responsabilidad.<\/p>\n<p style=\"text-align: justify;\">4. <strong>Cambios, Reembolsos y Cancelaciones:<\/strong> despu\u00e9s de realizada la compra de las entradas no se realizar\u00e1n cambios, reembolsos, ni cancelaciones. En caso de aplazamiento de fecha o cambio de hora, las entradas ser\u00e1n v\u00e1lidas para el d\u00eda y hora que se establezca. En caso de que el evento sea cancelado se har\u00e1 el rembolso en un per\u00edodo de 20 a 30 d\u00edas h\u00e1biles, esto por el medio que el organizador designe para tal efecto.<\/p>\n<p style=\"text-align: justify;\">5. <strong>M\u00e1ximo de Entradas:<\/strong> El m\u00e1ximo de entradas que se podr\u00e1n adquirir ser\u00e1 de 10 entradas por cliente por funci\u00f3n.\u00a0 En el caso de empresas o personas que deseen adquirir una cantidad superior a 10 entradas, se requerir\u00e1 de una solicitud por escrito dirigida al correo electr\u00f3nico info@torosalatica.cr indicando:<\/p>\n<ul style=\"text-align: justify;\">\n<li>Nombre y Apellido del contacto que gestionar\u00e1 la compra.<\/li>\n<li>N\u00famero telef\u00f3nico. Cantidad y tipo de entradas a comprar.<\/li>\n<li>Tipo de pago (efectivo, dep\u00f3sito o tarjeta de d\u00e9bito o cr\u00e9dito)<\/li>\n<li>Motivo por el cual requiere esta cantidad de entradas.<\/li>\n<\/ul>\n<p style=\"text-align: justify;\">6. <strong>Cargos por Servicio:<\/strong> todo boleto comprado por medio de la p\u00e1gina web, puntos de venta u otros, est\u00e1 sujeto a un cargo por servicio adicional al precio del boleto, el cual se le comunica al cliente antes de realizar el pago de la compra respectiva, d\u00e1ndose por entendido al aceptar estos t\u00e9rminos y condiciones. En caso de que el evento sea cancelado no se realizar\u00e1 devoluci\u00f3n alguna de este cargo.<\/p>\n<p style=\"text-align: justify;\">7. Torosalatica.cr no se hace responsable por eventos, localidades, horas o cantidad de entradas mal seleccionadas, al momento de confirmar la compra se da por confirmada la transacci\u00f3n de la cual no se har\u00e1n cambios, rembolsos ni devoluciones.<\/p>\n<p style=\"text-align: justify;\">8. <strong>Entrega de Entradas:<\/strong> la entrega de las entradas es un tr\u00e1mite personal SIN EXCEPCI\u00d3N por parte de qui\u00e9n realiza la transacci\u00f3n, siendo necesario la presentaci\u00f3n de los datos y documentos que se detallan a continuaci\u00f3n:<\/p>\n<ul style=\"text-align: justify;\">\n<li>Confirmaci\u00f3n de la transacci\u00f3n (indicado al finalizar la compra y enviado al correo indicado).<\/li>\n<li>Documento de Identificaci\u00f3n (UNICAMENTE c\u00e9dula de identidad o pasaporte en buen estado).<\/li>\n<li>Tarjeta de cr\u00e9dito o d\u00e9bito con que se realiz\u00f3 la compra.<\/li>\n<\/ul>\n<p style=\"text-align: justify;\">Sin excepci\u00f3n alguna, UNICAMENTE se entregar\u00e1n las entradas a la persona registrada durante la compra.<\/p>\n<p>Las entradas podr\u00e1n ser retiradas en boleter\u00eda \u00fanicamente el mismo d\u00eda del evento desde la hora de apertura del campo ferial (del 25\/12 al 08\/01) y hasta 1 hora despu\u00e9s de iniciada la funci\u00f3n comprada, despu\u00e9s de este tiempo podr\u00e1n ser canceladas las entradas sin responsabilidad alguna para torosalatica.cr<\/p>\n<p style=\"text-align: justify;\">9. <strong>Compra de Entradas:<\/strong> La compra de las entradas en l\u00ednea se podr\u00e1 realizar las 24 horas del d\u00eda y hasta 1 hora antes del inicio del evento. Tambi\u00e9n puede adquirir las entradas directamente en la boleter\u00eda el d\u00eda del evento. Torosalatica.cr no se hace responsable por entradas adquiridas en puntos no autorizados ni reventa.<\/p>\n<p style=\"text-align: justify;\">10. <strong>Formas de Pago:<\/strong> la compra de entradas en l\u00ednea podr\u00e1 ser realizada \u00fanicamente con tarjetas Visa o Mastercard, nacional o internacional, en los puntos de venta autorizados o en boleter\u00eda podr\u00e1n ser cancelados en efectivo o con tarjetas de cr\u00e9dito o d\u00e9bito.<\/p>\n<p style=\"text-align: justify;\">11. <strong>Reposici\u00f3n de Entradas:<\/strong> SIN EXCEPCION alguna no se realizan reposiciones (ni reimpresi\u00f3n) de entradas, despu\u00e9s de retiradas el cliente ser\u00e1 el \u00fanico responsable de mantenerlos en un lugar seguro, torosalatica.cr no se hace responsable de los da\u00f1os que sean ocasionados por causa alguna (humedad, calor, p\u00e9rdida, robo, da\u00f1os, entre otros).<\/p>\n<p style=\"text-align: justify;\">12. <strong>Responsabilidad:<\/strong> torosalatica.cr es una empresa independiente, contratada \u00fanicamente para la venta de entradas para los eventos, por lo que no se hace responsable de la calidad o contenido del mismo, ni de los actos o consecuencias que dicho evento pueda tener, por lo que se libera de toda responsabilidad. En caso de la cancelaci\u00f3n del evento los reclamos por devoluci\u00f3n deber\u00e1n ser realizados al organizador del evento, para las entradas adquiridas en l\u00ednea la devoluci\u00f3n ser\u00e1 directamente a la tarjeta con que se realiz\u00f3 la compra, para las compras en boleter\u00eda deber\u00e1n presentarse las entradas en perfecto estado.<\/p>\n<p style=\"text-align: justify;\">13. <strong>La Admisi\u00f3n<\/strong> al evento se encuentra sujeta a las pol\u00edticas establecidas. Por seguridad al momento de ingresar al evento, los asistentes podr\u00e1n ser registrados, no se permite en ning\u00fan caso, el ingreso con ning\u00fan objeto peligroso (armas de fuego, punzocortantes, p\u00f3lvora u otros).<strong> El ingreso con bebidas, comidas, c\u00e1maras fotogr\u00e1ficas o de video, tambi\u00e9n estar\u00e1 sujeto a las pol\u00edticas del evento.<\/strong> Se proh\u00edbe tambi\u00e9n el ingreso con pancartas, s\u00edmbolos, emblemas o leyendas que inciten a la violencia. Se recomienda consultar las pol\u00edticas del evento.<\/p>\n<p style=\"text-align: justify;\">En caso de entradas adquiridas por alguna promoci\u00f3n, descuento o dem\u00e1s podr\u00e1n ser sometidas a verificaci\u00f3n de reglamento, d\u00e1ndose como ejemplo descuentos por ciudadano de oro, ni\u00f1os menores de alguna edad establecida, estas ser\u00e1n sujetas a revisi\u00f3n mediante alg\u00fan documento que as\u00ed lo compruebe.<\/p>\n<p style=\"text-align: justify;\">14. <strong>La Salida<\/strong> del recinto del evento puede ocasionar la p\u00e9rdida del derecho a reingresar, por lo cual se recomienda consultar las pol\u00edticas del evento.<\/p>\n<div id=\"privacidad\">\n<p style=\"text-align: justify;\">15. Torosalatica.cr y el organizador recomienda no adquirir entradas en lugares no autorizados, ninguna de las partes se responsabiliza por perjuicios causados por falsificaciones u otras situaciones que puedan ocurrir al adquirirlas fuera de los medios autorizados.<\/p>\n<p style=\"text-align: justify;\">16. El organizador se reserva los derechos de imagen y propiedad intelectual del espect\u00e1culo. El cliente acepta que podr\u00e1 aparecer en im\u00e1genes o videos tomados durante el evento, los cuales podr\u00e1n ser utilizadas para su difusi\u00f3n o promoci\u00f3n el evento.<\/p>\n<h3 style=\"text-align: justify;\"><strong>PRIVACIDAD<\/strong><\/h3>\n<p style=\"text-align: justify;\">Para proveer los servicios o productos solicitados Torosalatica.cr solicitar\u00e1 al cliente datos b\u00e1sicos como: Nombre Completo, direcci\u00f3n, correo electr\u00f3nico, tel\u00e9fono, identificaci\u00f3n.<\/p>\n<p style=\"text-align: justify;\">Esta informaci\u00f3n ser\u00e1 utilizada con el fin de brindar la seguridad al momento de brindar el servicio al cliente, en el proceso de compra y retiro de sus entradas, dicha informaci\u00f3n no ser\u00e1 comercializada, alquilada, vendida ni prestada a terceras personas. Estos datos podr\u00e1n ser utilizados \u00fanicamente por parte de Torosalatica.cr con el fin de enviar mediante correo o tel\u00e9fono informaci\u00f3n sobre el evento.<\/p>\n<p style=\"text-align: justify;\">La informaci\u00f3n propia de la tarjeta para el cobro, n\u00famero de tarjeta, fecha de vencimiento y dem\u00e1s, son datos manipulados \u00fanicamente por el banco, quien presta el servicio por medio de una plataforma totalmente segura que cuenta con los certificados necesarios para las transacciones.<\/p>\n<p style=\"text-align: justify;\">El sitio de Torosalatica.cr puede utilizar cookies (peque\u00f1a informaci\u00f3n enviada por un sitio web y almacenada en el navegador del usuario, de manera que el sitio web puede consultar la actividad previa del mismo) as\u00ed como otras tecnolog\u00edas para identificar el comportamiento de los usuarios.<\/p>\n<p style=\"text-align: justify;\">Los usuarios pueden configurar su browser o herramienta de navegaci\u00f3n en Internet para aceptar o rechazar cookies, o para que le informe cada vez que son enviadas.<\/p>\n<p style=\"text-align: justify;\">Torosalatica.cr puede disponer y transmitir la informaci\u00f3n del cliente almacenada en sus bases de datos a un tercero que adquiera la titularidad u operaci\u00f3n de los servicios relacionados con el Sitio Web, sea de manera parcial o total. Asimismo podr\u00e1 comunicar dicha informaci\u00f3n cuando sea obligada por la legislaci\u00f3n correspondiente o en caso de investigaciones por estafa o situaciones similares.<\/p>\n<\/div>\n<h3 style=\"text-align: justify;\"><strong>SEGURIDAD<\/strong><\/h3>\n<p style=\"text-align: justify;\">El sitio web torosalatica.cr cuenta con los certificados de seguridad SSL necesarios para sus transacciones, tambi\u00e9n tiene el apoyo de una entidad bancaria la cual aporta un m\u00f3dulo para realizar la transacci\u00f3n de cobro y confirmaci\u00f3n, en la cual el cliente digita la informaci\u00f3n de la tarjeta, con esto se garantiza que solo el banco utiliza esta informaci\u00f3n. Dicho m\u00f3dulo cuenta tambi\u00e9n con los certificados en programas 3D Secure: Verified by Visa y MasterCard SecureCode.<\/p>\n<p style=\"text-align: justify;\">Torosalatica.cr ha implementado\u00a0 todas las medidas de seguridad para la protecci\u00f3n de la informaci\u00f3n del cliente con el fin de evitar el uso indebido, manipulaci\u00f3n, o acceso no autorizado a dicha informaci\u00f3n, sin embargo, el cliente reconoce que las medidas indicadas podr\u00edan no ser suficientes ante la p\u00e9rdida accidental de la informaci\u00f3n, el uso de nuevas tecnolog\u00edas o ingreso de hackers.<\/p>\n<p style=\"text-align: justify;\">Torosalatica.cr se reserva del derecho de modificar estas pol\u00edticas en cualquier momento sin previo aviso.\u00a0 Es responsabilidad de los usuarios consultar y\/o revisar peri\u00f3dicamente la Pol\u00edtica de Privacidad as\u00ed como los T\u00e9rminos y Condiciones<\/p>\n<p style=\"text-align: justify;\">Ante cualquier duda o consulta puede comunicarse al 2226-4000 o <a href=\"http:\/\/wa.me\/50622264000\">whatsapp<\/a>, en horario de Lunes a Viernes de 10:00 a.m a 4:00 p.m.<\/p>\n<p>[\/vc_column_text][\/vc_column][\/vc_row]<\/p>\n","protected":false},"excerpt":{"rendered":"<p>[vc_row][vc_column][vc_column_text] 1. La aceptaci\u00f3n de estos t\u00e9rminos y condiciones constituye un Contrato de Compraventa entre Viso Security S.A. en adelante torosalatica.cr y la persona que realiza la compra de las entradas, en adelante el cliente. 2. Pick-Up: se le llama a la entrega de entradas en los puntos autorizados o en la boleter\u00eda del evento. [&hellip;]<\/p>\n","protected":false},"author":1,"featured_media":0,"parent":0,"menu_order":0,"comment_status":"closed","ping_status":"closed","template":"","meta":{"footnotes":""},"yoast_head":"<!-- This site is optimized with the Yoast SEO Premium plugin v15.9 - https:\/\/yoast.com\/wordpress\/plugins\/seo\/ -->\n<title>T\u00e9rminos y condiciones - Toros a la Tica en L\u00ednea<\/title>\n<meta name=\"robots\" content=\"index, follow, max-snippet:-1, max-image-preview:large, max-video-preview:-1\" \/>\n<link rel=\"canonical\" href=\"https:\/\/www.torosalatica.cr\/site\/terminos-y-condiciones\/\" \/>\n<meta property=\"og:locale\" content=\"es_ES\" \/>\n<meta property=\"og:type\" content=\"article\" \/>\n<meta property=\"og:title\" content=\"T\u00e9rminos y condiciones - Toros a la Tica en L\u00ednea\" \/>\n<meta property=\"og:description\" content=\"[vc_row][vc_column][vc_column_text] 1. La aceptaci\u00f3n de estos t\u00e9rminos y condiciones constituye un Contrato de Compraventa entre Viso Security S.A. en adelante torosalatica.cr y la persona que realiza la compra de las entradas, en adelante el cliente. 2. Pick-Up: se le llama a la entrega de entradas en los puntos autorizados o en la boleter\u00eda del evento. [&hellip;]\" \/>\n<meta property=\"og:url\" content=\"https:\/\/www.torosalatica.cr\/site\/terminos-y-condiciones\/\" \/>\n<meta property=\"og:site_name\" content=\"Toros a la Tica en L\u00ednea\" \/>\n<meta property=\"article:modified_time\" content=\"2024-10-04T22:43:51+00:00\" \/>\n<meta name=\"twitter:card\" content=\"summary_large_image\" \/>\n<meta name=\"twitter:label1\" content=\"Est. reading time\">\n\t<meta name=\"twitter:data1\" content=\"8 minutos\">\n<script type=\"application\/ld+json\" class=\"yoast-schema-graph\">{\"@context\":\"https:\/\/schema.org\",\"@graph\":[{\"@type\":\"Organization\",\"@id\":\"https:\/\/www.torosalatica.cr\/site\/#organization\",\"name\":\"Toros a la Tica\",\"url\":\"https:\/\/www.torosalatica.cr\/site\/\",\"sameAs\":[],\"logo\":{\"@type\":\"ImageObject\",\"@id\":\"https:\/\/www.torosalatica.cr\/site\/#logo\",\"inLanguage\":\"es\",\"url\":\"https:\/\/www.torosalatica.cr\/site\/wp-content\/uploads\/2022\/10\/toros-logo.png\",\"width\":250,\"height\":60,\"caption\":\"Toros a la Tica\"},\"image\":{\"@id\":\"https:\/\/www.torosalatica.cr\/site\/#logo\"}},{\"@type\":\"WebSite\",\"@id\":\"https:\/\/www.torosalatica.cr\/site\/#website\",\"url\":\"https:\/\/www.torosalatica.cr\/site\/\",\"name\":\"Toros a la Tica en L\\u00ednea\",\"description\":\"\",\"publisher\":{\"@id\":\"https:\/\/www.torosalatica.cr\/site\/#organization\"},\"potentialAction\":[{\"@type\":\"SearchAction\",\"target\":\"https:\/\/www.torosalatica.cr\/site\/?s={search_term_string}\",\"query-input\":\"required name=search_term_string\"}],\"inLanguage\":\"es\"},{\"@type\":\"WebPage\",\"@id\":\"https:\/\/www.torosalatica.cr\/site\/terminos-y-condiciones\/#webpage\",\"url\":\"https:\/\/www.torosalatica.cr\/site\/terminos-y-condiciones\/\",\"name\":\"T\\u00e9rminos y condiciones - Toros a la Tica en L\\u00ednea\",\"isPartOf\":{\"@id\":\"https:\/\/www.torosalatica.cr\/site\/#website\"},\"datePublished\":\"2015-11-20T04:31:58+00:00\",\"dateModified\":\"2024-10-04T22:43:51+00:00\",\"breadcrumb\":{\"@id\":\"https:\/\/www.torosalatica.cr\/site\/terminos-y-condiciones\/#breadcrumb\"},\"inLanguage\":\"es\",\"potentialAction\":[{\"@type\":\"ReadAction\",\"target\":[\"https:\/\/www.torosalatica.cr\/site\/terminos-y-condiciones\/\"]}]},{\"@type\":\"BreadcrumbList\",\"@id\":\"https:\/\/www.torosalatica.cr\/site\/terminos-y-condiciones\/#breadcrumb\",\"itemListElement\":[{\"@type\":\"ListItem\",\"position\":1,\"item\":{\"@type\":\"WebPage\",\"@id\":\"https:\/\/www.torosalatica.cr\/site\/\",\"url\":\"https:\/\/www.torosalatica.cr\/site\/\",\"name\":\"Home\"}},{\"@type\":\"ListItem\",\"position\":2,\"item\":{\"@type\":\"WebPage\",\"@id\":\"https:\/\/www.torosalatica.cr\/site\/terminos-y-condiciones\/\",\"url\":\"https:\/\/www.torosalatica.cr\/site\/terminos-y-condiciones\/\",\"name\":\"T\\u00e9rminos y condiciones\"}}]}]}<\/script>\n<!-- \/ Yoast SEO Premium plugin. -->","_links":{"self":[{"href":"https:\/\/www.torosalatica.cr\/site\/wp-json\/wp\/v2\/pages\/24"}],"collection":[{"href":"https:\/\/www.torosalatica.cr\/site\/wp-json\/wp\/v2\/pages"}],"about":[{"href":"https:\/\/www.torosalatica.cr\/site\/wp-json\/wp\/v2\/types\/page"}],"author":[{"embeddable":true,"href":"https:\/\/www.torosalatica.cr\/site\/wp-json\/wp\/v2\/users\/1"}],"replies":[{"embeddable":true,"href":"https:\/\/www.torosalatica.cr\/site\/wp-json\/wp\/v2\/comments?post=24"}],"version-history":[{"count":16,"href":"https:\/\/www.torosalatica.cr\/site\/wp-json\/wp\/v2\/pages\/24\/revisions"}],"predecessor-version":[{"id":666,"href":"https:\/\/www.torosalatica.cr\/site\/wp-json\/wp\/v2\/pages\/24\/revisions\/666"}],"wp:attachment":[{"href":"https:\/\/www.torosalatica.cr\/site\/wp-json\/wp\/v2\/media?parent=24"}],"curies":[{"name":"wp","href":"https:\/\/api.w.org\/{rel}","templated":true}]}}